{"id":11,"date":"2016-11-11T14:45:38","date_gmt":"2016-11-11T13:45:38","guid":{"rendered":"http:\/\/www.dejmezenamsanci.cz\/?page_id=11"},"modified":"2017-08-22T10:55:24","modified_gmt":"2017-08-22T08:55:24","slug":"k-tematu","status":"publish","type":"page","link":"https:\/\/www.dejmezenamsanci.cz\/en\/k-tematu\/","title":{"rendered":"To the topic"},"content":{"rendered":"<p class=\"qtranxs-available-languages-message qtranxs-available-languages-message-en\">Sorry, this entry is only available in <a href=\"https:\/\/www.dejmezenamsanci.cz\/cs\/wp-json\/wp\/v2\/pages\/11\" class=\"qtranxs-available-language-link qtranxs-available-language-link-cs\" title=\"CZ\">CZ<\/a>.<\/p><p>V\u00edce informac\u00ed najdete na <a href=\"http:\/\/www.dejmezenamsanci.cz\/k-tematu\/aktuality\/\">Aktuality<\/a>, <a href=\"http:\/\/www.dejmezenamsanci.cz\/k-tematu\/blog\/\">Blog<\/a>, <a href=\"http:\/\/www.dejmezenamsanci.cz\/k-tematu\/napsali-o-nas\/\">Napsali o n\u00e1s<\/a>, <a href=\"http:\/\/www.dejmezenamsanci.cz\/k-tematu\/ke-stazeni\/\">Ke sta\u017een\u00ed<\/a>.<\/p>","protected":false},"excerpt":{"rendered":"<p>Sorry, this entry is only available in CZ.V\u00edce informac\u00ed najdete na Aktuality, Blog, Napsali o n\u00e1s, Ke sta\u017een\u00ed.<\/p>\n","protected":false},"author":4,"featured_media":0,"parent":0,"menu_order":6,"comment_status":"closed","ping_status":"closed","template":"","meta":{"om_disable_all_campaigns":false,"footnotes":""},"class_list":["post-11","page","type-page","status-publish","hentry"],"acf":[],"_links":{"self":[{"href":"https:\/\/www.dejmezenamsanci.cz\/en\/wp-json\/wp\/v2\/pages\/11","targetHints":{"allow":["GET"]}}],"collection":[{"href":"https:\/\/www.dejmezenamsanci.cz\/en\/wp-json\/wp\/v2\/pages"}],"about":[{"href":"https:\/\/www.dejmezenamsanci.cz\/en\/wp-json\/wp\/v2\/types\/page"}],"author":[{"embeddable":true,"href":"https:\/\/www.dejmezenamsanci.cz\/en\/wp-json\/wp\/v2\/users\/4"}],"replies":[{"embeddable":true,"href":"https:\/\/www.dejmezenamsanci.cz\/en\/wp-json\/wp\/v2\/comments?post=11"}],"version-history":[{"count":4,"href":"https:\/\/www.dejmezenamsanci.cz\/en\/wp-json\/wp\/v2\/pages\/11\/revisions"}],"predecessor-version":[{"id":2289,"href":"https:\/\/www.dejmezenamsanci.cz\/en\/wp-json\/wp\/v2\/pages\/11\/revisions\/2289"}],"wp:attachment":[{"href":"https:\/\/www.dejmezenamsanci.cz\/en\/wp-json\/wp\/v2\/media?parent=11"}],"curies":[{"name":"wp","href":"https:\/\/api.w.org\/{rel}","templated":true}]}}