{"id":121,"date":"2017-02-06T08:49:26","date_gmt":"2017-02-06T07:49:26","guid":{"rendered":"http:\/\/dejmezenamsanci.localdejmezenamsanci.web.qestapp.czdejmezenamsanci.czdejmezenamsanci.czdejmezenamsanci.czdejmezenamsanci.czdejmezenamsanci.czdejmezenamsanci.czdejmezenamsanci.czdejmezenamsanci.w"},"modified":"2017-08-24T14:11:31","modified_gmt":"2017-08-24T12:11:31","slug":"program","status":"publish","type":"page","link":"https:\/\/www.dejmezenamsanci.cz\/en\/konference\/evropa-bez-genderove-podmineneho-nasili\/program\/","title":{"rendered":"Program"},"content":{"rendered":"<p><\/p>\n<table border=\"0\" width=\"100%\" cellspacing=\"5\" cellpadding=\"5\">\n<tbody>\n<tr>\n<td colspan=\"2\">\n<h3>Day 1 \u2013 Wednesday, May 27, 2015<\/h3>\n<p>from 8:00\u00a0\u00a0\u00a0\u00a0\u00a0\u00a0\u00a0\u00a0\u00a0\u00a0\u00a0\u00a0\u00a0\u00a0\u00a0\u00a0\u00a0\u00a0\u00a0\u00a0\u00a0\u00a0<wbr \/>Registration of participants<\/td>\n<\/tr>\n<tr>\n<td><strong>9:00\u201312:00<\/strong><\/td>\n<td><strong>Pre-conference discussion on national action plans on domestic violence\u00a0<\/strong>(Under the auspices of the Office of the Government of the Czech Republic)\u00a0&#8211;\u00a0<a>Programme<\/a><\/td>\n<\/tr>\n<tr>\n<td>\n<h3>CONFERENCE<\/h3>\n<\/td>\n<td><\/td>\n<\/tr>\n<tr>\n<td>12:00\u201313:00<\/td>\n<td>Lunch<br \/>\nRegistration of participants<\/td>\n<\/tr>\n<tr>\n<td><strong>13:00\u201313:30<\/strong><\/td>\n<td><strong>WELCOME AND OPENING REMARKS<\/strong><\/p>\n<ul>\n<li><strong>Ji\u0159\u00ed Dienstbier<\/strong>, Minister for Human Rights, Equal Opportunities and Legislation, Czech Republic<\/li>\n<li><strong>V\u011bra Jourov\u00e1<\/strong>, Commissioner for Justice, Consumers and Gender Equality, European Commission (Video-message)<\/li>\n<li><strong>Salla Saastamoinen<\/strong>, Director for Equality, Directorate General Justice and Consumers,\u00a0European Commission<\/li>\n<li><strong>Marja Ruotanen<\/strong>,<strong>\u00a0<\/strong>Director, Human Dignity and Equality, Council of Europe<\/li>\n<li><strong>Ingvild N\u00e6ss Stub<\/strong>, State Secretary, Norwegian Ministry of Foreign Affairs (Video-message)<\/li>\n<li><strong>Robert Basch<\/strong>, Director of the Open Society Fund Prague, Czech Republic<\/li>\n<\/ul>\n<\/td>\n<\/tr>\n<tr>\n<td><strong>13:30\u201314:30<\/strong><\/td>\n<td><strong>KEYNOTE ADDRESSES<br \/>\n<\/strong>Moderator:<strong>\u00a0Laura Albu<\/strong>, Executive Committee Member, European Women\u00b4s Lobby<\/p>\n<ul>\n<li><strong>Feride Acar<\/strong>, The United Nations Committee on the Elimination of Discrimination against Women (CEDAW):\u00a0<strong>Gender-based Violence and Gender Equality &#8211; Understanding and Addressing the Link<\/strong><\/li>\n<li><strong>Joanna Goodey<\/strong>, Head of Freedoms and Justice Department, European Union Agency for Fundamental Rights:\u00a0<strong>Results and lessons learned from the FRA violence against women survey<\/strong><\/li>\n<li><strong>Christine Chinkin<\/strong>, Director of the Centre on Women, Peace and Security, London School of Economics:\u00a0<strong>The Istanbul Convention and its Added Value<\/strong><\/li>\n<\/ul>\n<\/td>\n<\/tr>\n<tr>\n<td><strong>14:30\u201315:00<\/strong><\/td>\n<td>Alternative to Violence &#8211; Alternativ til Vold (ATV), Norway:\u00a0<strong>Film Sinna mann (Angry men)<\/strong>\u00a0&#8211; Norwegian film on domestic and gender based violence with expert commentary from Marie \u0160usterov\u00e1, Center for Social Services Prague, Czech Republic<\/td>\n<\/tr>\n<tr>\n<td>15:00\u201315:30<\/td>\n<td>Coffee Break<\/td>\n<\/tr>\n<tr>\n<td><strong>15:30\u201316:45<\/strong><\/td>\n<td><strong>GOVERNMENTAL PANEL: Tackling the Root Causes of Gender-Based Violence &#8211; Challenges and Solutions<br \/>\n<\/strong>Moderator:<strong>\u00a0Marja Ruotanen<\/strong>,<strong>\u00a0<\/strong>Director, Human Dignity and Equality, Council of Europe<\/p>\n<ul>\n<li><strong>Bulgaria: Rositsa Georgieva-Dicheva<\/strong>,\u00a0Acting Director of the Directorate \u201cCouncil of Lawmaking\u201d,\u00a0Ministry of\u00a0Justice<\/li>\n<li><strong>Czech Republic: Ji\u0159\u00ed Dienstbier<\/strong>, Minister for Human Rights, Equal Opportunities and Legislation, Czech Republic<\/li>\n<li><strong>Estonia:\u00a0Kristiina Luht,<\/strong>\u00a0Councillor of Gender-Based Violence Issues, Department of Equality Policies, Ministry of Social Affairs, Estonia<\/li>\n<li><strong>Norway: Rachel Eapen Paul<\/strong>, Senior Adviser, Office of the Equality and Anti-discrimination Ombudsman<\/li>\n<li><strong>Poland: Katarzina Wolska Wrona<\/strong>, Chief Expert, Office of the Government Plenipotentiary for Equal Treatment<\/li>\n<li><strong>Slovakia: O\u013ega Pietruchov\u00e1<\/strong>, Director of the Department for Gender Equality and Equal Opportunities, Ministry for Social Affairs and Family, Slovakia<\/li>\n<\/ul>\n<\/td>\n<\/tr>\n<tr>\n<td><strong>16:45\u201318:00<\/strong><\/td>\n<td><strong>PANEL OF EXPERTS: The Role of Men in Combating Gender Based Violence<\/strong><br \/>\nModerator:\u00a0<strong>Marianne Hester<\/strong>, Head of Centre for\u00a0Gender &amp; Violence Research, University of Bristol, UK<\/p>\n<ul>\n<li><strong>John Doyle<\/strong>, Regional Coordinator of the South East Domestic Violence Intervention Programme, Mens Development Network, Ireland<\/li>\n<li><strong>Martin J\u00e1ra<\/strong>, Director of The League of Open Men, Czech Republic<\/li>\n<li><strong>Klas\u00a0Hyllander,\u00a0<\/strong>International Consultant &#8211; Gender Equality, Violence Prevention, Engaging Men&amp;Boys, Sweden<\/li>\n<\/ul>\n<\/td>\n<\/tr>\n<tr>\n<td><strong>18:00\u201318:30<\/strong><\/td>\n<td><strong>CLOSING REMARKS<br \/>\nSilke Steinhilber<\/strong>,\u00a0Independent Consultant,\u00a0Germany<\/td>\n<\/tr>\n<tr>\n<td><\/td>\n<td><\/td>\n<\/tr>\n<tr>\n<td colspan=\"2\">\n<h3>Day 2 \u2013 Thursday, May 28, 2015<\/h3>\n<p>&nbsp;<\/td>\n<\/tr>\n<tr>\n<td><strong>9:00<\/strong><\/td>\n<td><strong>OPENING<\/strong><br \/>\n<strong>Michaela Marksov\u00e1<\/strong>, Minister of Labour and Social Affairs, Czech Republic<\/td>\n<\/tr>\n<tr>\n<td><strong>9:15\u201312:15<\/strong><\/td>\n<td><strong>PARALLEL THEMATIC SESSIONS<\/strong><\/td>\n<\/tr>\n<tr>\n<td><strong>9:15\u201310:30<\/strong><\/td>\n<td><strong>SESSION<\/strong>\u00a0<strong>1: Preventing gender-based violence: good practice examples<\/strong><br \/>\nModerator:\u00a0<strong>Marianne Hester<\/strong>, Head of Centre for Gender &amp; Violence Research, University of Bristol, UK<\/p>\n<ul>\n<li><strong>Freja Ulvestad K\u00e4rki<\/strong>, Project Manager, Norwegian Directorate of Health,\u00a0Norway<\/li>\n<li><strong>Klas Hyllander,\u00a0<\/strong>International Consultant &#8211; Gender Equality, Violence Prevention, Engaging Men&amp;Boys, Sweden<\/li>\n<li><strong>Alena Skoumalov\u00e1<\/strong>, Brno City Police Directorate, Czech Republic<\/li>\n<\/ul>\n<p><strong>SESSION<\/strong>\u00a0<strong>2: Protecting victims: good practice examples and interventions<\/strong><br \/>\nModerator:\u00a0<strong>Marceline Naudi<\/strong>, Head of the Department of Gender Studies at the University of Malta<\/p>\n<ul>\n<li><strong>Meta Adutaviciute<\/strong>, Legal and Policy Adviser, Human Rights Monitoring Institute, Lithuania<\/li>\n<li><strong>Urszula Nowakowska<\/strong>, Director of the Center for Women\u2019s Rights, Poland<\/li>\n<li><strong>Vladim\u00edr Vedra<\/strong>,\u00a0\u00a0Project Manager, Intervention Centres Workers Association (APIC), Czech Republic<\/li>\n<\/ul>\n<\/td>\n<\/tr>\n<tr>\n<td>10:30\u201311:00<\/td>\n<td>Coffee Break<\/td>\n<\/tr>\n<tr>\n<td><strong>11:00\u201312:15<\/strong><\/td>\n<td><strong>SESSION<\/strong>\u00a0<strong>3: Gender-based violence and the role of ICTs<\/strong><br \/>\nModerator:\u00a0<strong>Valentina Pelizzer<\/strong>, Executive Director of One World Platform for Western Balkans, Bosnia and Herzegovina<\/p>\n<ul>\n<li><strong>Kate\u0159ina Fialov\u00e1<\/strong>, Manager of Genderit.org at Association for Progressive Communications, Czech Republic \/ International<\/li>\n<li><strong>Taran Knudstad<\/strong>, Senior Advisor, The Equality and Anti-discrimination Ombud, Norway<\/li>\n<li><strong>Piret Urb<\/strong>, Human Rights Officer, Ministry of Foreign Affairs, Estonia<\/li>\n<\/ul>\n<p><strong>SESSION 4: Institutional and policy framework for addressing gender-based violence<\/strong><br \/>\nModerator:<strong>\u00a0Laura Albu<\/strong>, Executive Committee Member, European Women\u2019s Lobby, Romania<\/p>\n<ul>\n<li><strong>Jurgita Peciuriene<\/strong>, Gender Expert on Violence against Women,\u00a0European Institute for Gender Equality (EIGE)<\/li>\n<li><strong>O\u013ega Pietruchov\u00e1<\/strong>, Director of the Department for Gender Equality and Equal Opportunities, Ministry for Social Affairs and Family, Slovakia<\/li>\n<li><strong>Kristiina Luht<\/strong>, Councillor of Gender-Based Violence Issues, Department of Equality Policies, Ministry of Social Affairs, Estonia<\/li>\n<li><strong>Lucia Zachari\u00e1\u0161ov\u00e1<\/strong>, Head of Gender Equality Unit, Office of the Government of the Czech Republic<strong>\u00a0<\/strong><\/li>\n<\/ul>\n<\/td>\n<\/tr>\n<tr>\n<td><strong>12:15\u201313:00<\/strong><\/td>\n<td><strong>CLOSING PLENARY<\/strong><br \/>\nModerator:\u00a0<strong>Silke Steinhilber<\/strong>,\u00a0Independent Consultant,\u00a0Germany<\/p>\n<ul>\n<li><strong>Siri Ellen Sletner<\/strong>, Norwegian Ambassador to the Czech Republic<\/li>\n<li><strong>Robert Basch<\/strong>, Director of the Open Society Fund Prague, Czech Republic<\/li>\n<\/ul>\n<\/td>\n<\/tr>\n<tr>\n<td>13:00\u201314:00<\/td>\n<td>Closing Lunch<\/td>\n<\/tr>\n<tr>\n<td>14:00\u201316:00<\/td>\n<td>Closed working session of\u00a0the domestic violence programme operators<\/td>\n<\/tr>\n<\/tbody>\n<\/table>\n<p>&nbsp;<\/p>","protected":false},"excerpt":{"rendered":"<p>Day 1 \u2013 Wednesday, May 27, 2015 from 8:00\u00a0\u00a0\u00a0\u00a0\u00a0\u00a0\u00a0\u00a0\u00a0\u00a0\u00a0\u00a0\u00a0\u00a0\u00a0\u00a0\u00a0\u00a0\u00a0\u00a0\u00a0\u00a0Registration of participants 9:00\u201312:00 Pre-conference discussion on national action plans on domestic violence\u00a0(Under the auspices of the Office of the Government of the Czech Republic)\u00a0&#8211;\u00a0Programme CONFERENCE 12:00\u201313:00 Lunch Registration of participants 13:00\u201313:30 WELCOME AND OPENING REMARKS Ji\u0159\u00ed Dienstbier, Minister for Human Rights, Equal Opportunities and Legislation, Czech [&hellip;]<\/p>\n","protected":false},"author":4,"featured_media":0,"parent":141,"menu_order":25,"comment_status":"closed","ping_status":"closed","template":"","meta":{"om_disable_all_campaigns":false,"footnotes":""},"class_list":["post-121","page","type-page","status-publish","hentry"],"acf":[],"_links":{"self":[{"href":"https:\/\/www.dejmezenamsanci.cz\/en\/wp-json\/wp\/v2\/pages\/121","targetHints":{"allow":["GET"]}}],"collection":[{"href":"https:\/\/www.dejmezenamsanci.cz\/en\/wp-json\/wp\/v2\/pages"}],"about":[{"href":"https:\/\/www.dejmezenamsanci.cz\/en\/wp-json\/wp\/v2\/types\/page"}],"author":[{"embeddable":true,"href":"https:\/\/www.dejmezenamsanci.cz\/en\/wp-json\/wp\/v2\/users\/4"}],"replies":[{"embeddable":true,"href":"https:\/\/www.dejmezenamsanci.cz\/en\/wp-json\/wp\/v2\/comments?post=121"}],"version-history":[{"count":5,"href":"https:\/\/www.dejmezenamsanci.cz\/en\/wp-json\/wp\/v2\/pages\/121\/revisions"}],"predecessor-version":[{"id":2299,"href":"https:\/\/www.dejmezenamsanci.cz\/en\/wp-json\/wp\/v2\/pages\/121\/revisions\/2299"}],"up":[{"embeddable":true,"href":"https:\/\/www.dejmezenamsanci.cz\/en\/wp-json\/wp\/v2\/pages\/141"}],"wp:attachment":[{"href":"https:\/\/www.dejmezenamsanci.cz\/en\/wp-json\/wp\/v2\/media?parent=121"}],"curies":[{"name":"wp","href":"https:\/\/api.w.org\/{rel}","templated":true}]}}