{"id":143,"date":"2017-02-06T09:02:15","date_gmt":"2017-02-06T08:02:15","guid":{"rendered":"http:\/\/www.dejmezenamsanci.cz\/?page_id=143"},"modified":"2017-10-03T10:59:47","modified_gmt":"2017-10-03T08:59:47","slug":"informace-pro-ucastniky","status":"publish","type":"page","link":"https:\/\/www.dejmezenamsanci.cz\/en\/konference\/zaverecna-konference\/informace-pro-ucastniky\/","title":{"rendered":"Information for participants"},"content":{"rendered":"<p><strong>Conference Venue<\/strong><\/p>\n<p>The conference will be held in Hotel International, Prague, which is situated in the residential area Prague-Dejvice, close to the V\u00e1clav Havel Airport, the Prague Castle, the Old Town, the Charles Bridge, Wenceslas\u2019 Square and other interesting places in the city with a very good connection by metro and tram.<\/p>\n<p><strong>Address:<\/strong><\/p>\n<p>HOTEL INTERNATIONAL PRAHA ****<br \/>\nKoulova 15,<br \/>\n16000 Prague 6<br \/>\nCzech Republic<br \/>\nTel: +420 296 537 111<br \/>\nE-mail: hotel@internationalprague.cz<\/p>\n<p><iframe loading=\"lazy\" style=\"border: 0;\" src=\"https:\/\/www.google.com\/maps\/embed?pb=!1m18!1m12!1m3!1d8606.907481161112!2d14.38626843743022!3d50.10783506331172!2m3!1f0!2f0!3f0!3m2!1i1024!2i768!4f13.1!3m3!1m2!1s0x470b95310b7a1b47%3A0xe0a0dd81047a07e4!2sHotel+International+Prague!5e0!3m2!1sen!2scz!4v1502440700275\" width=\"720\" height=\"400\" frameborder=\"0\" allowfullscreen=\"allowfullscreen\"><\/iframe><\/p>\n<p><strong>How to Get to the Hotel<\/strong><\/p>\n<p><strong>From the Airport<\/strong><\/p>\n<p>V\u00e1clav Havel Airport Prague is about a 30-minute way from the hotel by public transport. Take bus 119 from either \u201cTermin\u00e1l 1\u201d or \u201cTermin\u00e1l 2\u201d to the final stop \u201cN\u00e1dra\u017e\u00ed Veleslav\u00edn\u201d. Change to metro line A (the green one) in the direction of \u201cDepo Hostiva\u0159\u201d (alternatively the trams 20 or 26) to the station \u201cDejvick\u00e1\u201d. There, change to tram 8 or 18 and get off at the stop \u201cZelen\u00e1\u201d. Hotel International is about one or two minutes away on foot from the stop following the tram tracks. Alternatively, from the station \u201cDejvick\u00e1\u201d, you can take the bus 107, 116, 147 or 160 to the stop \u201c\u010c\u00ednsk\u00e1\u201d where you would get off right in front of the hotel.<\/p>\n<p><strong>From Prague Main Railway Station<\/strong><\/p>\n<p>Prague Main Station (\u201cHlavn\u00ed n\u00e1dra\u017e\u00ed\u201d) is located in the city centre about a 20-minute way by public transport. Take tram 26 from \u201cHlavn\u00ed n\u00e1dra\u017e\u00ed\u201d in the direction of \u201cDivok\u00e1 \u0160\u00e1rka\u201d to \u201cV\u00edt\u011bzn\u00e9 n\u00e1m\u011bst\u00ed\u201d (or \u201cDejvick\u00e1\u201d). There, change to tram 8 or 18 and get off at the stop \u201cZelen\u00e1\u201d. Hotel International is about one or two minutes away on foot from the stop following the tram tracks. Alternatively, from the station \u201cDejvick\u00e1\u201d, you can take the bus 107, 116, 147 or 160 to the stop \u201c\u010c\u00ednsk\u00e1\u201d where you would get off right in front of the hotel.<\/p>\n<p><strong>From Prague-Hole\u0161ovice Railway Station<\/strong><\/p>\n<p>In case you arrive by train to Prague-Hole\u0161ovice railway station, take the tram 17 (in the direction of \u201cS\u00eddli\u0161t\u011b Mod\u0159any\u201d) or 12 (in the direction of \u201cS\u00eddli\u0161t\u011b Barrandov\u201d) to \u201cStrossmayerovo n\u00e1m\u011bst\u00ed\u201d. There, change to tram 8 in the direction of \u201cN\u00e1dra\u017e\u00ed Podbaba\u201d which will take you to the stop \u201cZelen\u00e1\u201d. Hotel International is about one or two minutes away on foot from the stop following the tram tracks.<\/p>\n<p><strong>From Florenc Bus Station<\/strong><\/p>\n<p>Prague-Florenc bus station is situated in the city centre about a 25-minute way by public transport. From \u201cFlorenc\u201d, take the tram 8 in the direction of \u201cN\u00e1dra\u017e\u00ed Podbaba\u201d which will take you to the stop \u201cZelen\u00e1\u201d. Hotel International is about one or two minutes away on foot from the stop following the tram tracks.<\/p>\n<p><strong>Accommodation<\/strong><\/p>\n<p>In case you need accommodation in Prague (7\/11, 8\/11), we will help you to find it. Note your interest in the registration form or e-mail us to the contacts below. We will contact you with further information.<\/p>\n<p><strong>Contacts<\/strong><\/p>\n<p><strong>Ms Barbora Ho\u0159avov\u00e1<\/strong> \u2013 Programme Manager, Let\u2019s Give (Wo)men a Chance<br \/>\nbarbora.horavova@osf.cz, +420 607 921 843<\/p>\n<p><strong>Ms Jitka \u0160tefkov\u00e1<\/strong> \u2013 Conference Coordinator<br \/>\njitka.stefkova@osf.cz, +420 777 563 893<\/p>\n<p><strong>Open Society Fund Prague<\/strong>, Hradeck\u00e1 18, 130 00 Prague 3<br \/>\nPhone: +420 226 227 736, +420 222 540 979<br \/>\nwww.dejmezenamsanci.cz, www.osf.cz , fb: www.facebook.com\/nadace.osf | t: @nadaceOSF<\/p>","protected":false},"excerpt":{"rendered":"<p>Conference Venue The conference will be held in Hotel International, Prague, which is situated in the residential area Prague-Dejvice, close to the V\u00e1clav Havel Airport, the Prague Castle, the Old Town, the Charles Bridge, Wenceslas\u2019 Square and other interesting places in the city with a very good connection by metro and tram. Address: HOTEL INTERNATIONAL [&hellip;]<\/p>\n","protected":false},"author":4,"featured_media":0,"parent":139,"menu_order":16,"comment_status":"closed","ping_status":"closed","template":"page-program.php","meta":{"om_disable_all_campaigns":false,"footnotes":""},"class_list":["post-143","page","type-page","status-publish","hentry"],"acf":[],"_links":{"self":[{"href":"https:\/\/www.dejmezenamsanci.cz\/en\/wp-json\/wp\/v2\/pages\/143","targetHints":{"allow":["GET"]}}],"collection":[{"href":"https:\/\/www.dejmezenamsanci.cz\/en\/wp-json\/wp\/v2\/pages"}],"about":[{"href":"https:\/\/www.dejmezenamsanci.cz\/en\/wp-json\/wp\/v2\/types\/page"}],"author":[{"embeddable":true,"href":"https:\/\/www.dejmezenamsanci.cz\/en\/wp-json\/wp\/v2\/users\/4"}],"replies":[{"embeddable":true,"href":"https:\/\/www.dejmezenamsanci.cz\/en\/wp-json\/wp\/v2\/comments?post=143"}],"version-history":[{"count":11,"href":"https:\/\/www.dejmezenamsanci.cz\/en\/wp-json\/wp\/v2\/pages\/143\/revisions"}],"predecessor-version":[{"id":2365,"href":"https:\/\/www.dejmezenamsanci.cz\/en\/wp-json\/wp\/v2\/pages\/143\/revisions\/2365"}],"up":[{"embeddable":true,"href":"https:\/\/www.dejmezenamsanci.cz\/en\/wp-json\/wp\/v2\/pages\/139"}],"wp:attachment":[{"href":"https:\/\/www.dejmezenamsanci.cz\/en\/wp-json\/wp\/v2\/media?parent=143"}],"curies":[{"name":"wp","href":"https:\/\/api.w.org\/{rel}","templated":true}]}}