{"id":249,"date":"2017-04-28T14:30:41","date_gmt":"2017-04-28T12:30:41","guid":{"rendered":"http:\/\/www.dejmezenamsanci.cz\/?page_id=249"},"modified":"2018-01-10T09:01:13","modified_gmt":"2018-01-10T08:01:13","slug":"program","status":"publish","type":"page","link":"https:\/\/www.dejmezenamsanci.cz\/en\/konference\/zaverecna-konference\/program\/","title":{"rendered":"Program"},"content":{"rendered":"<p><\/p>\n<table style=\"height: 2062px;\" border=\"0\" width=\"750\" cellspacing=\"5\" cellpadding=\"5\">\n<tbody>\n<tr valign=\"top\">\n<td colspan=\"2\" valign=\"top\">\n<h4><span style=\"font-weight: 400;\">Tuesday, November 7, 2017 (Day 1)<\/span><\/h4>\n<\/td>\n<\/tr>\n<tr valign=\"top\">\n<td><\/td>\n<td><\/td>\n<\/tr>\n<tr valign=\"top\">\n<td width=\"15%\">8:00-8:45<\/td>\n<td width=\"85%\"><strong>Registration<\/strong><\/td>\n<\/tr>\n<tr valign=\"top\">\n<td><\/td>\n<td><\/td>\n<\/tr>\n<tr valign=\"top\">\n<td>&nbsp;<\/p>\n<p>9:00-9:30<\/td>\n<td>&nbsp;<\/p>\n<p><strong>Welcome Speech<\/strong><\/p>\n<p>\u25cb <strong>Siri Ellen Sletner<\/strong>, Norwegian Ambassador to the Czech Republic<br \/>\n\u25cb <strong>Robert Basch<\/strong>, Executive Director, Open Society Fund Prague, Czech Republic<br \/>\n\u25cb <strong>V\u011bra Jourov\u00e1<\/strong>, Commissioner for Justice, Consumers and Gender Equality, European Commission (video-message)<\/td>\n<\/tr>\n<tr valign=\"top\">\n<td><\/td>\n<td><\/td>\n<\/tr>\n<tr valign=\"top\">\n<td>&nbsp;<\/p>\n<p>9:30-11:00<\/td>\n<td>&nbsp;<\/p>\n<p><strong>Introductory panel: Women\u00b4s Issue in Today\u00b4s World<\/strong><\/td>\n<\/tr>\n<tr valign=\"top\">\n<td><\/td>\n<td>\n<p style=\"text-align: justify;\">The opening panel will set the scene for the conference. The focus of the discussion will be the need for increased attention to women&#8217;s rights in today&#8217;s world. The panel will describe and react to recent developments: the rise of openly misogynist and anti-women movements in the EU member states and the US that threaten women&#8217;s rights require a strong reflection and response. In this panel we shall analyse these developments. We will identify the forces working against women&#8217;s rights, including populism, and discuss how to address current sexism and misogyny in the public sphere which fuels a culture of gender inequality, discrimination and hatred against women. The geographical context (East\/West\/Nord Europe) and assessment would be an additional layer to the discussion.<\/p>\n<p style=\"text-align: justify;\">\u25cb <span style=\"text-decoration: underline;\">Moderator:<\/span> <strong>Jana Smiggels Kavkov\u00e1,<\/strong> Chair, Czech Women Lobby (\u010c\u017dL), Director, F\u00f3rum 50 %, Czech Republic<br \/>\n\u25cb <strong>Slavenka Drakulic<\/strong>, Writer and Journalist, Croatia<br \/>\n\u25cb <strong>Agn\u00e8s Hubert<\/strong>, Founding Member and currently President of European feminist think-thank Gender5+<br \/>\n\u25cb<strong>Borb\u00e1la Juh\u00e1sz<\/strong>, Ex-chair, Hungarian Women&#8217;s Lobby, Member of European Women&#8217;s Lobby Task Force on Central Eastern European, Baltic and Balkan States, Hungary<\/p>\n<\/td>\n<\/tr>\n<tr valign=\"top\">\n<td><\/td>\n<td><\/td>\n<\/tr>\n<tr valign=\"top\">\n<td>&nbsp;<\/p>\n<p>11:00-11:30<\/td>\n<td>&nbsp;<\/p>\n<p><strong>Coffee Break<\/strong><\/td>\n<\/tr>\n<tr valign=\"top\">\n<td>&nbsp;<\/p>\n<p>11:30-11:35<\/td>\n<td>&nbsp;<\/p>\n<p><strong>Expert voice: Self-confidence, Education and Emancipation of Roma Women<\/strong><br \/>\n<strong> \u25cb Claudie Laburdov\u00e1<\/strong>, Jileha Project Coordinator, Slovo 21, Czech Republic<\/td>\n<\/tr>\n<tr valign=\"top\">\n<td>&nbsp;<\/p>\n<p>11:30-13:00<\/td>\n<td>&nbsp;<\/p>\n<p><strong>Achievements of the Let\u00b4s Give (Wo)Men a Chance Programme<\/strong><\/p>\n<p>The Open Society Fund Prague, as a Programme Operator of the Let\u00b4s Give (Wo)Men a Chance programme, will present main outputs of the programme and the most inspiring results of projects supported by this programme. Moreover, the representatives of the Ministry of Labour and Social Affairs, the Office of the Government and independent evaluator will comment on whether and how the programme contributed to both programme areas.<\/p>\n<p>\u25cb <strong><span style=\"text-decoration: underline;\">Moderator:<\/span> Barbora Ho\u0159avov\u00e1<\/strong>, Let\u2019s Give (Wo)Men a Chance Programme Manager, Open Society Fund Prague, Czech Republic<br \/>\n\u25cb <strong>Olga \u017d\u00e1kov\u00e1<\/strong>, Let\u2019s Give (Wo)Men a Chance Programme Coordinator, Open Society Fund Prague, Czech Republic<br \/>\n\u25cb <strong>Radan \u0160afa\u0159\u00edk<\/strong>, Acting Director, Gender Equality Department, Office of the Government of the Czech Republic<br \/>\n\u25cb <strong>Martina \u0160t\u011bp\u00e1nkov\u00e1 \u0160t\u00fdbrov\u00e1<\/strong>, Department for Family Policy, \u200eMinistry of Labour and Social Affairs of the Czech Republic<br \/>\n\u25cb <strong>Miroslava Drahotov\u00e1<\/strong>, Evaluator and Consultant, HaskoningDHV Czech Republic spol. s r.o., Czech Republic<\/td>\n<\/tr>\n<tr valign=\"top\">\n<td><\/td>\n<td><\/td>\n<\/tr>\n<tr valign=\"top\">\n<td>&nbsp;<\/p>\n<p>13:00-14:00<\/td>\n<td>&nbsp;<\/p>\n<p><strong>Lunch<\/strong><\/td>\n<\/tr>\n<tr valign=\"top\">\n<td>&nbsp;<\/p>\n<p>14:00-14:05<\/td>\n<td>&nbsp;<\/p>\n<p><strong>Expert voice: The Change Is Born Outside The Capitals<\/strong><br \/>\n<strong> \u25cb Marta Lempart<\/strong>, Women&#8217;s Rights&#8217; Activist and Leader of the Polish Women&#8217;s Strike (Black Monday), Poland<\/td>\n<\/tr>\n<tr valign=\"top\">\n<td>&nbsp;<\/p>\n<p>14:05-15:30<\/td>\n<td>&nbsp;<\/p>\n<p><strong>Main Benefits of Cooperation with Norwegian Partners (lessons learned)<\/strong><\/p>\n<p>This part will aim at best practices of bilateral cooperation in projects or programmes implemented within the EEA\/Norway Grants &#8211; in Spain, Estonia, Slovakia or the Czech Republic. Which ways of cooperation work? What are the factors that facilitate or hinder bilateral relations? Is it possible to transfer Norwegian know-how or experiences to the Czech Republic or other countries?<\/p>\n<p>\u25cb <strong><span style=\"text-decoration: underline;\">Moderator:<\/span> Terje Englund<\/strong>, Communications &amp; EEA Adviser, Royal Norwegian Embassy to the Czech Republic<br \/>\n\u25cb <strong>Frode Mortensen<\/strong>, Senior Sector Officer &#8211; Justice and Home Affairs, Financial Mechanism Office<br \/>\n\u25cb <strong>Rachel Eapen Paul<\/strong>, Policy Director, The Norwegian Equality and Anti-Discrimination Ombud, Norway<br \/>\n\u25cb<strong> Freja Ulvestad K\u00e4rki<\/strong>, Project Manager, Norwegian Directorate of Health, Norway<br \/>\n\u25cb <strong>Belinda de Le\u00f3n<\/strong>, Project Manager, Self-help for Immigrants and Refugees (SEIF), Norway<\/td>\n<\/tr>\n<tr valign=\"top\">\n<td><\/td>\n<td><\/td>\n<\/tr>\n<tr valign=\"top\">\n<td>&nbsp;<\/p>\n<p>15:30-16:00<\/td>\n<td>&nbsp;<\/p>\n<p><strong>Coffee Break<\/strong><\/td>\n<\/tr>\n<tr valign=\"top\">\n<td><strong>\u00a0<\/strong><\/td>\n<td><strong>\u00a0<\/strong><\/td>\n<\/tr>\n<tr valign=\"top\">\n<td>&nbsp;<\/p>\n<p>16:00-17:00<\/td>\n<td>&nbsp;<\/p>\n<p><strong>Engaging Men and Boys in Furthering Gender Equality (talk show)<\/strong><\/p>\n<p>Already in 2015, during the Open Society Fund Prague\u00b4s conference, the role and the need for involvement of men in the promotion of equal opportunities and prevention of gender-based violence was emphasized. The work of men with men is considered as one of the key factors to face the problem. On the other hand, some experts describe the crisis of masculinity in our society. Is the involvement of men in support of women the key to success? What are the specific measures?<\/p>\n<p>\u25cb <strong><span style=\"text-decoration: underline;\">Moderator:<\/span> Thordis Elva<\/strong>, Author, Journalist and Director, Word for Word, Iceland<br \/>\n\u25cb <strong>Michael Kimmel<\/strong>, SUNY Distinguished Professor of Sociology and Gender Studies, Stony Brook University, USA, Executive Director, Center for the Study of Men and Masculinities, United States<\/td>\n<\/tr>\n<tr valign=\"top\">\n<td>&nbsp;<\/p>\n<p>17:00-17:15<\/td>\n<td>&nbsp;<\/p>\n<p><strong>Closing of Day 1<\/strong><\/p>\n<p>\u25cb <strong>Linda \u0160tucbartov\u00e1<\/strong>, Partner, Global Partnerships and Diversity Programs, Atairu, Czech Republic<\/td>\n<\/tr>\n<tr valign=\"top\">\n<td>&nbsp;<\/p>\n<p>19:30<\/td>\n<td>&nbsp;<\/p>\n<p><strong><span style=\"font-family: inherit; font-size: inherit;\">Networking Reception with Launch of the Book\u00a0<\/span><\/strong><\/p>\n<p><span style=\"font-family: inherit; font-size: inherit;\"><strong>It is possible to stop violence: Therapeutic work with adults who use violence in close relationships<\/strong> (Barbora Jakobsen and Marius R\u00e5kil)<\/span><\/p>\n<p><span style=\"font-weight: 400;\">What is violence and how to understand those who use violence in close relationships? What methods does violence-focused therapy use? How does domestic violence affect children and people\u2019s health? The publication contains articles and chapters from books by leading experts and their colleagues in the Norwegian organisation Alternative to Violence. It introduces fundamental issues as well as the latest research findings on violence in close relationships and a chapter on how violence can affect helping professions. The text is complemented by case studies and is meant for everyone who works with families where violence occurs. For therapists it is a source of inspiration for how to work with adults who use violence. The book is helpful to psychologists, medical doctors or physicians, teachers, lawyers, social workers and students of these disciplines. <\/span><span style=\"font-weight: 400;\">The book was published by the Open Society Fund Prague and financed from Norway Grants. <\/span><br \/>\n<span style=\"font-weight: 400;\">The book will be launched by <\/span><b>Kl\u00e1ra Gajdu\u0161kov\u00e1<\/b><span style=\"font-weight: 400;\">, member of board of trustees of Open Society Fund Prague, an editor of book <\/span><b>Barbora Jakobsen<\/b><span style=\"font-weight: 400;\"> and her colleague from ATV <\/span><b>Henning Mohaupt<\/b><span style=\"font-weight: 400;\">.\u00a0<\/span><\/td>\n<\/tr>\n<tr valign=\"top\">\n<td colspan=\"2\"><\/td>\n<\/tr>\n<tr valign=\"top\">\n<td colspan=\"2\">\n<h4><span style=\"font-weight: 400;\"><br \/>\n<\/span><\/h4>\n<h4><span style=\"font-weight: 400;\">Wednesday, November 8, 2017 (Day 2)<\/span><\/h4>\n<\/td>\n<\/tr>\n<tr valign=\"top\">\n<td>&nbsp;<\/p>\n<p>8:00-8:45<\/td>\n<td>&nbsp;<\/p>\n<p><strong>Registration<\/strong><\/td>\n<\/tr>\n<tr valign=\"top\">\n<td>&nbsp;<\/p>\n<p>9:00-9:15<\/td>\n<td>&nbsp;<\/p>\n<p><strong>Opening Remarks<\/strong><\/p>\n<p>\u25cb <strong>Tereza Vavre\u010dkov\u00e1<\/strong>, International Relations Deputy Director, Central Financing and Contracting Unit, Ministry of Finance of the Czech Republic<\/p>\n<p><strong>Expert voice: Gender-based violence in online space<\/strong><br \/>\n<strong>\u25cb Taran Knudstad<\/strong>, Senior Adviser, The Norwegian Equality and Anti-Discrimination Ombud, Norway<\/p>\n<p><strong>Expert voice: Fight for Equality. Fight against Gender-based Violence. For the Sake of Minority Women<\/strong><br \/>\n<strong>\u25cb Gerd Fleischer<\/strong>, Founder and Director, Self-help for Immigrants and Refugees (SEIF), Norway<\/td>\n<\/tr>\n<tr valign=\"top\">\n<td>&nbsp;<\/p>\n<p>9:15-10:30<\/td>\n<td>&nbsp;<\/p>\n<p><strong>Parallel Thematic Sessions on Equal Opportunities and Gender-Based Violence\/ Domestic Violence &#8211; part I.\u00a0<\/strong><\/td>\n<\/tr>\n<tr valign=\"top\">\n<td><\/td>\n<td>&nbsp;<\/p>\n<p><strong>Gender-based violence session:<\/strong><\/p>\n<p><strong><span style=\"text-decoration: underline;\">A) Implementation and monitoring of Istanbul Convention<\/span><\/strong><\/p>\n<p>In the Czech Republic, the Istanbul Convention has already been signed. Now, we are in the preparatory process of its ratification. What comes next? And what is the experience of other countries with implementation and monitoring of the Istanbul convention?<\/p>\n<p>\u25cb <strong><span style=\"text-decoration: underline;\">Moderator:<\/span> Gauri van Gulik<\/strong>, Deputy Director for Europe and Central Asia, Amnesty International London<br \/>\n\u25cb <strong>Barbora Burajov\u00e1<\/strong>, Manager, Coordinating-Methodical Centre for gender-based and domestic violence, Slovakia<br \/>\n\u25cb <strong>Branislava Marv\u00e1nov\u00e1 Vargov\u00e1<\/strong>, Head of Information and consulting center ROSA, psychologist, Czech Republic<br \/>\n\u25cb <strong>Line Narsnes<\/strong>, Policy Director, Norwegian Ministry of justice and Public Security, Norway<br \/>\n\u25cb <strong>Vesna Ratkovic<\/strong>, Member of Group of Experts on Action against Violence against Women (GREVIO), Council of Europe<\/p>\n<p><strong>Equal opportunities session:<\/strong><\/p>\n<p><strong><span style=\"text-decoration: underline;\">B) Women in leadership &#8211; when will they be there?<br \/>\n<\/span><\/strong><\/p>\n<p>Quotas are empirically the most effective way of achieving a better gender balance. However, quotas are still not very popular. What about temporary specific measures such as quotas &#8211; is it needed to \u2018kick-start\u2019 women\u2019s political representation? Why are women afraid of being stigmatized as \u2018quota women\u2019 and why women compete against women rather than campaign together to achieve greater influence?<\/p>\n<p>\u25cb <strong><span style=\"text-decoration: underline;\">Moderator:<\/span> Lenka Simersk\u00e1<\/strong>, sociologist, Equal Pay Expert of Project 22 % to Equality, Ministry of Labour and Social Affairs of the Czech Republic<br \/>\n\u25cb <strong>Adriana Dergam<\/strong>, Director of Corporate Communications and Sustainable Business, Vodafone Czech Republic<br \/>\n\u25cb <strong>Monika Hilm<\/strong>, Disruptive Hotelier and Author, Czech Republic<br \/>\n\u25cb <strong>Birger Husted<\/strong>, Member of the Board of Nordic Chamber, General Manager Husted s.r.o., Nordic Chamber of Commerce, Husted s.r.o., Denmark\/Czech Republic<br \/>\n\u25cb <strong>Heidi Nordby Lunde<\/strong>, Member of Parliament, The Conservative Party, Norway<\/td>\n<\/tr>\n<tr valign=\"top\">\n<td><\/td>\n<td><\/td>\n<\/tr>\n<tr valign=\"top\">\n<td>&nbsp;<\/p>\n<p>10:30-11:00<\/td>\n<td>&nbsp;<\/p>\n<p><strong>Coffee Break<\/strong><\/td>\n<\/tr>\n<tr valign=\"top\">\n<td><strong>\u00a0<\/strong><\/td>\n<td><strong>\u00a0<\/strong><\/td>\n<\/tr>\n<tr valign=\"top\">\n<td>&nbsp;<\/p>\n<p>11:00-12:30<\/td>\n<td>&nbsp;<\/p>\n<p><strong>Parallel Thematic Sessions on Equal Opportunities and Gender-based Violence\/ Domestic Violence &#8211; part II.<\/strong><\/td>\n<\/tr>\n<tr valign=\"top\">\n<td><\/td>\n<td><strong>Gender-based violence session:<\/strong><\/p>\n<p><strong> C)\u00a0Therapeutic work with adults who use violence in close relationships: experiences and financing<\/strong><\/p>\n<p>This symposium will present and discuss approaches to interventions with men who use violence in intimate relationships. All panellists have been active in the field for many years, have seen and contributed to change in their national services for partner-abusive men, and work in different cultural and political contexts (the Czech Republic, Spain, Austria, and Norway). How are interventions with partner-abusive men conceptualized, organized and administered in these countries? How do decision-makers relate to the project of treating men who are violent? What impact do they have on the extent and quality of therapeutic services in the different countries? What is needed for further improvement of therapeutic services for men who use violence in intimate relationships? These are the questions we want to discuss in this panel.<\/p>\n<p>\u25cb<strong><span style=\"text-decoration: underline;\"> Moderator:<\/span> Henning Mohaupt<\/strong>, Specialist in Clinical Psychology, Altenativ Til Vold, Norway<br \/>\n\u25cb <strong>Heinrich Geldschl\u00e4ger<\/strong>, Research director, Conexus Association (Barcelona), Spain<br \/>\n\u25cb <strong>Heinrich Kraus<\/strong>, Forensic Psychotherapist, M\u00e4nnerberatung Wien, Austria<br \/>\n\u25cb <strong>Barbora Jakobsen<\/strong>, Psychologist and Unit Manager, Altenativ Til Vold, Norway<br \/>\n\u25cb <strong>Rosa Logar<\/strong>, Managing Director, Domestic Violence Intervention Centre Vienna \/ Anti-Violence Program, Austria<br \/>\n\u25cb <strong>Radan \u0160afa\u0159\u00edk<\/strong>, Acting Director of the Gender Equality Department, the Office of the Government of the Czech Republic<\/p>\n<p><strong>Equal opportunities session:<\/strong><\/p>\n<p><strong>D)\u00a0The Changes and Challenges of Feminist Movements in Europe and in the Czech Republic <\/strong><\/p>\n<p>New feminist movements and new generation of activists: Comparing how feminist movements have evolved over time, while exploring some of the current challenges for women\u2019s rights. Worldwide, there has been an emerging conservative populist trend that directly contradicts the ideology of feminism. In some countries, this has for example led to women\u2019s reproductive rights being limited. Meanwhile, fourth wave feminism is emerging, represented by new organizations and movements. What does modern feminism look like and what are the most pressing issues concerning women\u2019s rights in today\u2019s political climate?<\/p>\n<p>\u25cb <strong><span style=\"text-decoration: underline;\">Moderator<\/span>: Thordis Elva<\/strong>, Author, Journalist and Director, Word for Word, Iceland<br \/>\n\u25cb <strong>Jana Smiggels Kavkov\u00e1<\/strong>, Chair, Czech Women Lobby, Director, F\u00f3rum 50 %, Czech Republic<br \/>\n\u25cb <strong>Joanna Maycock<\/strong>, Secretary General, European Women Lobby<br \/>\n\u25cb <strong>Johanna Nejedlov\u00e1<\/strong>, Co-founder, Konsent, Czech Republic<br \/>\n\u25cb <strong>Natalia Skoczylas<\/strong>, Project Manager and Antiviolence consultant, Feminoteka, Poland<\/td>\n<\/tr>\n<tr valign=\"top\">\n<td>&nbsp;<\/p>\n<p>12:15-12:30<\/td>\n<td>&nbsp;<\/p>\n<p><strong>Summary of sessions<\/strong><\/p>\n<p>\u25cb <strong>Martina Vojt\u00ed\u0161kov\u00e1<\/strong>, Chair, Intervention Workers Association of the Czech Republic<br \/>\n\u25cb <strong>Lucia Zachari\u00e1\u0161ov\u00e1<\/strong>, Open Society, Czech Republic<\/td>\n<\/tr>\n<tr valign=\"top\">\n<td>&nbsp;<\/p>\n<p>12:30-13:30<\/td>\n<td>&nbsp;<\/p>\n<p><strong>Lunch<\/strong><\/td>\n<\/tr>\n<tr valign=\"top\">\n<td><\/td>\n<td><\/td>\n<\/tr>\n<tr valign=\"top\">\n<td>13:30-17:00<\/td>\n<td><strong>Workshops<\/strong><\/td>\n<\/tr>\n<tr valign=\"top\">\n<td><\/td>\n<td>&nbsp;<\/p>\n<p><strong>A) World- Caf\u00e9 for Project Promoters of the Let\u2019s Give (Wo)Men a Chance Programme<\/strong><\/p>\n<p>Welcome word: <strong>Emiliana Simon-Thomas<\/strong>: Neuroscientist, Psychologist, Research Director, Greater Good Science Center, United States<\/p>\n<p>\u25cb <strong><span style=\"text-decoration: underline;\">Moderator:<\/span> Ren\u00e1ta Tr\u010dkov\u00e1<\/strong>, Lecturer, Consultant, Couch, \u010cesk\u00e1 cesta, Czech Republic<\/p>\n<p><strong>B) Programme Operators\u00b4 and Donor Programme Partners\u00b4 meeting &#8211; discussion on the impact of the programmes on equal opportunities and gender-based violence supported from EEA\/Norway Grants and its evaluation<\/strong> (in cooperation with FMO)<\/p>\n<p>\u25cb<strong><span style=\"text-decoration: underline;\"> Moderator:<\/span> Frode Mortensen<\/strong>, Senior Sector Officer &#8211; Justice and Home Affairs, Financial Mechanism Office<\/p>\n<p>&nbsp;<\/td>\n<\/tr>\n<tr valign=\"top\">\n<td><\/td>\n<td><\/td>\n<\/tr>\n<tr valign=\"top\">\n<td colspan=\"2\">\n<h4><\/h4>\n<h4><span style=\"font-weight: 400;\">Thursday, November 9. 2017\u00a0<\/span><\/h4>\n<\/td>\n<\/tr>\n<tr valign=\"top\">\n<td><\/td>\n<td><\/td>\n<\/tr>\n<tr valign=\"top\">\n<td><\/td>\n<td><strong style=\"font-family: inherit; font-size: inherit;\">Accompanying program of the conference:<\/strong><\/p>\n<p><strong style=\"font-family: inherit; font-size: inherit;\">Living Realities: Women in the struggle for the rights of oppressed groups &#8211; Studio ALTA<\/strong><\/p>\n<p>Speakers: ANNA GRU\u0160OV\u00c1, founder of SIMI<br \/>\nMAGDA FALTOV\u00c1, current director of SIMI<br \/>\nGERD FLEISCHER, founder of Norwegian organization SEIF and pioneer in fight against domestic violence in Norway<\/td>\n<\/tr>\n<tr valign=\"top\">\n<td><\/td>\n<td><\/td>\n<\/tr>\n<tr valign=\"top\">\n<td><\/td>\n<td><\/td>\n<\/tr>\n<tr valign=\"top\">\n<td><\/td>\n<td><strong>Working language of the conference is English. Simultaneous interpreting from\/to English and Czech will be provided. The registration is opened <a href=\"https:\/\/docs.google.com\/forms\/d\/e\/1FAIpQLSfJ8CUPwfimIUQd48egKq39uDQ0zAKD-VLwKw7f52bW0dup9Q\/viewform\">here<\/a>. <\/strong><\/td>\n<\/tr>\n<\/tbody>\n<\/table>\n<p><\/p>","protected":false},"excerpt":{"rendered":"<p>Tuesday, November 7, 2017 (Day 1) 8:00-8:45 Registration &nbsp; 9:00-9:30 &nbsp; Welcome Speech \u25cb Siri Ellen Sletner, Norwegian Ambassador to the Czech Republic \u25cb Robert Basch, Executive Director, Open Society Fund Prague, Czech Republic \u25cb V\u011bra Jourov\u00e1, Commissioner for Justice, Consumers and Gender Equality, European Commission (video-message) &nbsp; 9:30-11:00 &nbsp; Introductory panel: Women\u00b4s Issue in [&hellip;]<\/p>\n","protected":false},"author":4,"featured_media":0,"parent":139,"menu_order":19,"comment_status":"closed","ping_status":"closed","template":"","meta":{"om_disable_all_campaigns":false,"footnotes":""},"class_list":["post-249","page","type-page","status-publish","hentry"],"acf":[],"_links":{"self":[{"href":"https:\/\/www.dejmezenamsanci.cz\/en\/wp-json\/wp\/v2\/pages\/249","targetHints":{"allow":["GET"]}}],"collection":[{"href":"https:\/\/www.dejmezenamsanci.cz\/en\/wp-json\/wp\/v2\/pages"}],"about":[{"href":"https:\/\/www.dejmezenamsanci.cz\/en\/wp-json\/wp\/v2\/types\/page"}],"author":[{"embeddable":true,"href":"https:\/\/www.dejmezenamsanci.cz\/en\/wp-json\/wp\/v2\/users\/4"}],"replies":[{"embeddable":true,"href":"https:\/\/www.dejmezenamsanci.cz\/en\/wp-json\/wp\/v2\/comments?post=249"}],"version-history":[{"count":154,"href":"https:\/\/www.dejmezenamsanci.cz\/en\/wp-json\/wp\/v2\/pages\/249\/revisions"}],"predecessor-version":[{"id":2817,"href":"https:\/\/www.dejmezenamsanci.cz\/en\/wp-json\/wp\/v2\/pages\/249\/revisions\/2817"}],"up":[{"embeddable":true,"href":"https:\/\/www.dejmezenamsanci.cz\/en\/wp-json\/wp\/v2\/pages\/139"}],"wp:attachment":[{"href":"https:\/\/www.dejmezenamsanci.cz\/en\/wp-json\/wp\/v2\/media?parent=249"}],"curies":[{"name":"wp","href":"https:\/\/api.w.org\/{rel}","templated":true}]}}