{"id":347,"date":"2017-05-09T14:38:23","date_gmt":"2017-05-09T12:38:23","guid":{"rendered":"http:\/\/www.dejmezenamsanci.cz\/?page_id=347"},"modified":"2024-11-07T15:54:50","modified_gmt":"2024-11-07T14:54:50","slug":"ke-stazeni","status":"publish","type":"page","link":"https:\/\/www.dejmezenamsanci.cz\/en\/k-tematu\/ke-stazeni\/","title":{"rendered":"Downloads"},"content":{"rendered":"<p class=\"qtranxs-available-languages-message qtranxs-available-languages-message-en\">Sorry, this entry is only available in <a href=\"https:\/\/www.dejmezenamsanci.cz\/cs\/wp-json\/wp\/v2\/pages\/347\" class=\"qtranxs-available-language-link qtranxs-available-language-link-cs\" title=\"CZ\">CZ<\/a>.<\/p><p><strong>Souhrnn\u00e1 data k projekt\u016fm a v\u00fdstup\u016fm projekt\u016f<\/strong><\/p>\n<ul>\n<li><a href=\"http:\/\/www.dejmezenamsanci.cz\/wp-content\/uploads\/2017\/05\/Podpo\u0159en\u00e9-projekty.xlsx\">Podpo\u0159en\u00e9 projekty<\/a><\/li>\n<li><a href=\"http:\/\/www.dejmezenamsanci.cz\/wp-content\/uploads\/2017\/05\/V\u00fdstupy-projekt\u016f.xlsx\">V\u00fdstupy projekt\u016f<\/a><\/li>\n<\/ul>\n<p><strong>Kniha N\u00e1sil\u00ed je mo\u017en\u00e9 zastavit<\/strong><\/p>\n<p><strong><a href=\"https:\/\/zurivec.cz\/publikace-Nasili-je-mozne-zastavit\">N\u00e1sil\u00ed je mo\u017en\u00e9 zastavit: Terapie pro osoby, kter\u00e9 se dopou\u0161t\u011bj\u00ed n\u00e1sil\u00ed v bl\u00edzk\u00fdch vztaz\u00edch<\/a>\u00a0(2017)\u00a0<\/strong><\/p>\n<p><strong>Prezentace odborn\u00edk\u016f z Norska &#8211; studijn\u00ed cesta duben 2017<\/strong><\/p>\n<ul>\n<li><a href=\"http:\/\/www.dejmezenamsanci.cz\/wp-content\/uploads\/2017\/05\/A-brief-overview-of-the-Norwegian-authorities-Inger-Sigfridsson.docx\">A brief overview of the Norwegian authorities, Inger Sigfridsson<\/a><\/li>\n<li><a href=\"http:\/\/www.dejmezenamsanci.cz\/wp-content\/uploads\/2017\/05\/Education-A-Free-Choice-Gender-Equality-Centre.pdf\">Education &#8211; A Free Choice Gender Equality Centre<\/a><\/li>\n<li><a href=\"http:\/\/www.dejmezenamsanci.cz\/wp-content\/uploads\/2017\/05\/Gender-equality-in-Norway-Gender-Equality-Centre-Hamar.pdf\">Gender equality in Norway Gender Equality Centre Hamar<\/a><\/li>\n<li><a href=\"http:\/\/www.dejmezenamsanci.cz\/wp-content\/uploads\/2017\/05\/Gender-in-education-Gender-Equality-Centre-Hamar.pdf\">Gender in education Gender Equality Centre Hamar<\/a><\/li>\n<li><a href=\"http:\/\/www.dejmezenamsanci.cz\/wp-content\/uploads\/2017\/05\/Gender-Mainstreaming-Lene-Nilsen.pptx\">Gender Mainstreaming, Lene Nilsen<\/a><\/li>\n<li><a href=\"http:\/\/www.dejmezenamsanci.cz\/wp-content\/uploads\/2017\/05\/Gender-Pay-Gap-Kjersti-Misje-\u00d8stbakken.pdf\">Gender Pay Gap Kjersti Misje \u00d8stbakken<\/a><\/li>\n<li><a href=\"http:\/\/www.dejmezenamsanci.cz\/wp-content\/uploads\/2017\/05\/LDO-and-legislation-Monica-Hox.pptx\">LDO and legislation Monica Hox<\/a><\/li>\n<li><a href=\"http:\/\/www.dejmezenamsanci.cz\/wp-content\/uploads\/2017\/05\/LDO-department-of-law-enforcement-Monica-Hox.pptx\">LDO department of law enforcement Monica Hox<\/a><\/li>\n<li><a href=\"http:\/\/www.dejmezenamsanci.cz\/wp-content\/uploads\/2017\/05\/Promoting-equality-from-an-intersectional-perspective-Gada-Ezat-Azam-Bufdir.pptx\">Promoting equality from an intersectional perspective, Gada Ezat Azam Bufdir<\/a><\/li>\n<li><a href=\"http:\/\/www.dejmezenamsanci.cz\/wp-content\/uploads\/2017\/05\/Roma-and-Romani-Eero-Olli.pptx\">Roma and Romani Eero Olli<\/a><\/li>\n<li><a href=\"http:\/\/www.dejmezenamsanci.cz\/wp-content\/uploads\/2017\/05\/The-School-An-Arena-for-Promoting-Gender-Equality-Taran-Knudstad.pptx\">The School &#8211; An Arena for Promoting Gender Equality, Taran Knudstad<\/a><\/li>\n<li><a href=\"http:\/\/www.dejmezenamsanci.cz\/wp-content\/uploads\/2017\/05\/Women-in-politics-and-Leadership-Anne-Mette-\u00d8vrum.pptx\">Women in politics and Leadership, Anne Mette \u00d8vrum<\/a><\/li>\n<\/ul>\n<p><strong>Prezentace odborn\u00edk\u016f z Norska &#8211; studijn\u00ed cesta 14. &#8211; 16. 9. 2016<\/strong><\/p>\n<ul>\n<li><a href=\"http:\/\/www.dejmezenamsanci.cz\/wp-content\/uploads\/2017\/05\/LDO-Children.pdf\">LDO Children<\/a><\/li>\n<li><a href=\"http:\/\/www.dejmezenamsanci.cz\/wp-content\/uploads\/2017\/05\/LDO-Shelter-and-Domestic-Violence.pdf\">LDO-Shelter and Domestic Violence<\/a><\/li>\n<li><a href=\"http:\/\/www.dejmezenamsanci.cz\/wp-content\/uploads\/2017\/05\/Norwegian-directorate-for-children-youth-and-and-familly-afffairs.pdf\">Norwegian directorate for children, youth and and familly afffairs<\/a><\/li>\n<li><a href=\"http:\/\/www.dejmezenamsanci.cz\/wp-content\/uploads\/2017\/05\/Norwgian-ministry-of-justice-and-public-security.pdf\">Norwgian ministry of justice and public security<\/a><\/li>\n<li><a href=\"http:\/\/www.dejmezenamsanci.cz\/wp-content\/uploads\/2017\/05\/Reform-Stop-the-dating-violence.pdf\">Reform Stop the dating violence<\/a><\/li>\n<li><a href=\"http:\/\/www.dejmezenamsanci.cz\/wp-content\/uploads\/2017\/05\/Salten-crisic-center-violence-against-children.pdf\">Salten crisic center violence against children<\/a><\/li>\n<li><a href=\"http:\/\/www.dejmezenamsanci.cz\/wp-content\/uploads\/2017\/05\/Salten-crisis-center-shelter-for-victims.pdf\">Salten crisis center shelter for victims<\/a><\/li>\n<\/ul>\n<p><strong>Prezentace odborn\u00edk\u016f z Norska v r\u00e1mci Fondu bilater\u00e1ln\u00ed spolupr\u00e1ce<\/strong><\/p>\n<ul>\n<li><a href=\"http:\/\/www.dejmezenamsanci.cz\/wp-content\/uploads\/2017\/05\/Alternative-to-Violence-Introduction-B.-Jakobsen.pdf\">Alternative to Violence &#8211; Introduction &#8211; B. Jakobsen<\/a><\/li>\n<li><a href=\"http:\/\/www.dejmezenamsanci.cz\/wp-content\/uploads\/2017\/05\/Enerhaugen-Family-Counselling-Centre-T.-Eikrem.pdf\">Enerhaugen Family Counselling Centre &#8211; T. Eikrem<\/a><\/li>\n<li><a href=\"http:\/\/www.dejmezenamsanci.cz\/wp-content\/uploads\/2017\/05\/Gender-Based-Hate-Speech-Taran-Knudstad.pdf\">Gender-Based Hate Speech &#8211; Taran Knudstad<\/a><\/li>\n<li><a href=\"http:\/\/www.dejmezenamsanci.cz\/wp-content\/uploads\/2017\/05\/Research-on-violence-in-close-relationships-in-Norway-Solveig-Bergman.pdf\">Research on violence in close relationships in Norway &#8211; Solveig Bergman<\/a><\/li>\n<li><a href=\"http:\/\/www.dejmezenamsanci.cz\/wp-content\/uploads\/2017\/05\/Sexual-harassment-in-the-work-place-Ombud.pdf\">Sexual harassment in the work place &#8211; Ombud<\/a><\/li>\n<li><a href=\"http:\/\/www.dejmezenamsanci.cz\/wp-content\/uploads\/2017\/05\/Violence-against-women-Tove-Smaadahl.pdf\">Violence against women &#8211; Tove Smaadahl<\/a><\/li>\n<li><a href=\"http:\/\/www.dejmezenamsanci.cz\/wp-content\/uploads\/2017\/05\/Violence-in-close-relationships-Norwegian-experiences-Line-Nersn\u00e6s-and-Hilde-Marit-Knotten.pdf\">Violence in close relationships &#8211; Norwegian experiences &#8211; Line Nersn\u00e6s and Hilde Marit Knotten<\/a><\/li>\n<li><a href=\"http:\/\/www.dejmezenamsanci.cz\/wp-content\/uploads\/2017\/05\/Working-with-perpetrators-of-intimate-partner-violence-E.-Carlson.pdf\">Working with perpetrators of intimate partner violence &#8211; E. Carlson<\/a><\/li>\n<\/ul>\n<p><strong>Prezentace \u0159e\u010dn\u00edk\u016f na konferenci Dejme (\u017ee)n\u00e1m \u0161anci 20. 11. 2014<\/strong><\/p>\n<ul>\n<li><a href=\"http:\/\/www.dejmezenamsanci.cz\/wp-content\/uploads\/2017\/05\/Arni-Hole-Lack-of-gender-equality.pdf\">Arni Hole &#8211; Lack of gender equality<\/a><\/li>\n<li><a href=\"http:\/\/www.dejmezenamsanci.cz\/wp-content\/uploads\/2017\/05\/Sami-Nevala-FRA_Violence-Against-Women-An-EU-wide-survey.pdf\">Sami Nevala &#8211; FRA_Violence Against Women &#8211; An EU-wide survey<\/a><\/li>\n<li><a href=\"http:\/\/www.dejmezenamsanci.cz\/wp-content\/uploads\/2017\/05\/Helve-Kase-Building-a-uniform-system-for-prevention-of-intimate-violence-Estonia.pdf\">Helve Kase &#8211; Building a uniform system for prevention of intimate violence, Estonia<\/a><\/li>\n<li><a href=\"http:\/\/www.dejmezenamsanci.cz\/wp-content\/uploads\/2017\/05\/Barbora-Burajov\u00e1-Projekt-KMC-pre-prevenciu-a-elimin\u00e1ciu-n\u00e1silia-p\u00e1chan\u00e9ho-na-\u017een\u00e1ch-a-dom\u00e1ceho-n\u00e1silia-Slovensko.pdf\">Barbora Burajov\u00e1 &#8211; Projekt KMC pre prevenciu a elimin\u00e1ciu n\u00e1silia p\u00e1chan\u00e9ho na \u017een\u00e1ch a dom\u00e1ceho n\u00e1silia, Slovensko<\/a><\/li>\n<li><a href=\"http:\/\/www.dejmezenamsanci.cz\/wp-content\/uploads\/2017\/05\/Kotkov\u00e1-Koudelkov\u00e1-N\u00e1sil\u00ed-v\u011bc-neve\u0159ejn\u00e1-p\u0159edstaven\u00ed-projektu.pdf\">Kotkov\u00e1, Koudelkov\u00e1 &#8211; N\u00e1sil\u00ed v\u011bc (ne)ve\u0159ejn\u00e1 &#8211; p\u0159edstaven\u00ed projektu<\/a><\/li>\n<li><a href=\"http:\/\/www.dejmezenamsanci.cz\/wp-content\/uploads\/2017\/05\/Jind\u0159i\u0161ka-Krp\u00e1lkov\u00e1-Istanbulsk\u00e1-\u00famluva.pdf\">Jind\u0159i\u0161ka Krp\u00e1lkov\u00e1 &#8211; Istanbulsk\u00e1 \u00famluva<\/a><\/li>\n<li><a href=\"http:\/\/www.dejmezenamsanci.cz\/wp-content\/uploads\/2017\/05\/Pia-Azman-Towards-Equalizing-Power-Relations-between-Women-and-Men-Slovenia.pdf\">Pia Azman -Towards Equalizing Power Relations between Women and Men, Slovenia<\/a><\/li>\n<li><a href=\"http:\/\/www.dejmezenamsanci.cz\/wp-content\/uploads\/2017\/05\/Heidi-Solba-Developing-work-and-life-balance-in-business-sector-Estonia.pdf\">Heidi Solba &#8211; Developing work and life balance in business sector, Estonia<\/a><\/li>\n<li><a href=\"http:\/\/www.dejmezenamsanci.cz\/wp-content\/uploads\/2017\/05\/Begona-Suarez-Programme-on-gender-equality-and-work-life-balance-Spain.pdf\">Begona Suarez &#8211; Programme on gender equality and work-life balance, Spain<\/a><\/li>\n<li><a href=\"http:\/\/www.dejmezenamsanci.cz\/wp-content\/uploads\/2017\/05\/Eva-Kavkov\u00e1-Empowering-women-\u2013-good-practice-from-the-Czech-Republic.pdf\">Eva Kavkov\u00e1 &#8211; Empowering women \u2013 good practice from the Czech Republic<\/a><\/li>\n<\/ul>\n<p><strong>Prezentace odborn\u00edk\u016f z Norska, kte\u0159\u00ed se z\u00fa\u010dastnili zah\u00e1jen\u00ed programu 9. 9. 2013<\/strong><\/p>\n<ul>\n<li><a href=\"http:\/\/www.dejmezenamsanci.cz\/wp-content\/uploads\/2017\/05\/Liss-Schanke-Does-equality-pay.pdf\">Liss Schanke &#8211; Does equality pay<\/a><\/li>\n<li><a href=\"http:\/\/www.dejmezenamsanci.cz\/wp-content\/uploads\/2017\/05\/Espen-A.-Eld\u00f8y-National-Mediation-Service.pdf\">Espen A. Eld\u00f8y &#8211; National Mediation Service<\/a><\/li>\n<li><a href=\"http:\/\/www.dejmezenamsanci.cz\/wp-content\/uploads\/2017\/05\/Mona-Renolen-Practical-Experiences-from-Mainstreaming-Gender-Equality-in-Norway.pdf\">Mona Renolen &#8211; Practical Experiences from Mainstreaming Gender Equality in Norway<\/a><\/li>\n<\/ul>\n<p><\/p>","protected":false},"excerpt":{"rendered":"<p>Sorry, this entry is only available in CZ.Souhrnn\u00e1 data k projekt\u016fm a v\u00fdstup\u016fm projekt\u016f Podpo\u0159en\u00e9 projekty V\u00fdstupy projekt\u016f Kniha N\u00e1sil\u00ed je mo\u017en\u00e9 zastavit N\u00e1sil\u00ed je mo\u017en\u00e9 zastavit: Terapie pro osoby, kter\u00e9 se dopou\u0161t\u011bj\u00ed n\u00e1sil\u00ed v bl\u00edzk\u00fdch vztaz\u00edch\u00a0(2017)\u00a0 Prezentace odborn\u00edk\u016f z Norska &#8211; studijn\u00ed cesta duben 2017 A brief overview of the Norwegian authorities, Inger Sigfridsson [&hellip;]<\/p>\n","protected":false},"author":4,"featured_media":0,"parent":11,"menu_order":11,"comment_status":"closed","ping_status":"closed","template":"page-specialtitle.php","meta":{"om_disable_all_campaigns":false,"footnotes":""},"class_list":["post-347","page","type-page","status-publish","hentry"],"acf":[],"_links":{"self":[{"href":"https:\/\/www.dejmezenamsanci.cz\/en\/wp-json\/wp\/v2\/pages\/347","targetHints":{"allow":["GET"]}}],"collection":[{"href":"https:\/\/www.dejmezenamsanci.cz\/en\/wp-json\/wp\/v2\/pages"}],"about":[{"href":"https:\/\/www.dejmezenamsanci.cz\/en\/wp-json\/wp\/v2\/types\/page"}],"author":[{"embeddable":true,"href":"https:\/\/www.dejmezenamsanci.cz\/en\/wp-json\/wp\/v2\/users\/4"}],"replies":[{"embeddable":true,"href":"https:\/\/www.dejmezenamsanci.cz\/en\/wp-json\/wp\/v2\/comments?post=347"}],"version-history":[{"count":17,"href":"https:\/\/www.dejmezenamsanci.cz\/en\/wp-json\/wp\/v2\/pages\/347\/revisions"}],"predecessor-version":[{"id":3002,"href":"https:\/\/www.dejmezenamsanci.cz\/en\/wp-json\/wp\/v2\/pages\/347\/revisions\/3002"}],"up":[{"embeddable":true,"href":"https:\/\/www.dejmezenamsanci.cz\/en\/wp-json\/wp\/v2\/pages\/11"}],"wp:attachment":[{"href":"https:\/\/www.dejmezenamsanci.cz\/en\/wp-json\/wp\/v2\/media?parent=347"}],"curies":[{"name":"wp","href":"https:\/\/api.w.org\/{rel}","templated":true}]}}