{"id":9,"date":"2016-11-11T14:45:28","date_gmt":"2016-11-11T13:45:28","guid":{"rendered":"http:\/\/www.dejmezenamsanci.cz\/?page_id=9"},"modified":"2017-08-22T10:51:57","modified_gmt":"2017-08-22T08:51:57","slug":"konference","status":"publish","type":"page","link":"https:\/\/www.dejmezenamsanci.cz\/en\/konference\/","title":{"rendered":"Conference"},"content":{"rendered":"<p class=\"qtranxs-available-languages-message qtranxs-available-languages-message-en\">Sorry, this entry is only available in <a href=\"https:\/\/www.dejmezenamsanci.cz\/cs\/wp-json\/wp\/v2\/pages\/9\" class=\"qtranxs-available-language-link qtranxs-available-language-link-cs\" title=\"CZ\">CZ<\/a>.<\/p><p>V\u00edce informac\u00ed najdete na <a href=\"http:\/\/www.dejmezenamsanci.cz\/konference\/zaverecna-konference\/\">Z\u00e1v\u011bre\u010dn\u00e1 konference<\/a> a <a href=\"http:\/\/www.dejmezenamsanci.cz\/konference\/evropa-bez-genderove-podmineneho-nasili\/\">Evropa bez genderov\u011b podm\u00edn\u011bn\u00e9ho n\u00e1sil\u00ed<\/a>.<\/p>","protected":false},"excerpt":{"rendered":"<p>Sorry, this entry is only available in CZ.V\u00edce informac\u00ed najdete na Z\u00e1v\u011bre\u010dn\u00e1 konference a Evropa bez genderov\u011b podm\u00edn\u011bn\u00e9ho n\u00e1sil\u00ed.<\/p>\n","protected":false},"author":4,"featured_media":0,"parent":0,"menu_order":13,"comment_status":"closed","ping_status":"closed","template":"","meta":{"om_disable_all_campaigns":false,"footnotes":""},"class_list":["post-9","page","type-page","status-publish","hentry"],"acf":[],"_links":{"self":[{"href":"https:\/\/www.dejmezenamsanci.cz\/en\/wp-json\/wp\/v2\/pages\/9","targetHints":{"allow":["GET"]}}],"collection":[{"href":"https:\/\/www.dejmezenamsanci.cz\/en\/wp-json\/wp\/v2\/pages"}],"about":[{"href":"https:\/\/www.dejmezenamsanci.cz\/en\/wp-json\/wp\/v2\/types\/page"}],"author":[{"embeddable":true,"href":"https:\/\/www.dejmezenamsanci.cz\/en\/wp-json\/wp\/v2\/users\/4"}],"replies":[{"embeddable":true,"href":"https:\/\/www.dejmezenamsanci.cz\/en\/wp-json\/wp\/v2\/comments?post=9"}],"version-history":[{"count":3,"href":"https:\/\/www.dejmezenamsanci.cz\/en\/wp-json\/wp\/v2\/pages\/9\/revisions"}],"predecessor-version":[{"id":2288,"href":"https:\/\/www.dejmezenamsanci.cz\/en\/wp-json\/wp\/v2\/pages\/9\/revisions\/2288"}],"wp:attachment":[{"href":"https:\/\/www.dejmezenamsanci.cz\/en\/wp-json\/wp\/v2\/media?parent=9"}],"curies":[{"name":"wp","href":"https:\/\/api.w.org\/{rel}","templated":true}]}}